{"id":2,"date":"2021-12-07T12:10:14","date_gmt":"2021-12-07T12:10:14","guid":{"rendered":"https:\/\/duezer.de\/?page_id=2"},"modified":"2021-12-23T14:08:42","modified_gmt":"2021-12-23T14:08:42","slug":"kaan","status":"publish","type":"page","link":"https:\/\/duezer.de\/index.php\/kaan\/","title":{"rendered":"Kaan D\u00fczer"},"content":{"rendered":"\r\n<blockquote class=\"wp-block-quote\">\r\n<p>Kaan D\u00fczer wurde in Istanbul geboren und lebt seit 1994 in Deutschland. Sein Vater war ein ambitionierter Hobbyfotograf. Von Fotografie fasziniert, begann er eine Fotografenausbildung bei Nuri Kara in Istanbul. Der folgte ein BWL-Studium. Er entschied sich schlie\u00dflich f\u00fcr eine Karriere in der IT-Branche.<\/p>\r\n<p><br \/>Der zeitgen\u00f6ssische K\u00fcnstler widmet sich seit mehr als drei\u00dfig Jahren der Fotografie. Inzwischen zeugen die Fotografiepreise und Ausstellungen von seinem K\u00f6nnen.<br \/>Seine Schwerpunkte liegen im Street-, People- und Portrait-Bereich.<\/p>\r\n<\/blockquote>\r\n<p style=\"text-align: center;\"><img loading=\"lazy\" decoding=\"async\" class=\"alignnone size-medium wp-image-81\" src=\"https:\/\/duezer.de\/wp-content\/uploads\/2021\/12\/k-300x38.png\" alt=\"\" width=\"300\" height=\"38\" srcset=\"https:\/\/duezer.de\/wp-content\/uploads\/2021\/12\/k-300x38.png 300w, https:\/\/duezer.de\/wp-content\/uploads\/2021\/12\/k-469x60.png 469w, https:\/\/duezer.de\/wp-content\/uploads\/2021\/12\/k.png 618w\" sizes=\"auto, (max-width: 300px) 100vw, 300px\" \/><\/p>\r\n","protected":false},"excerpt":{"rendered":"<p>Kaan D\u00fczer wurde in Istanbul geboren und lebt seit 1994 in Deutschland. Sein Vater war ein ambitionierter Hobbyfotograf. Von Fotografie fasziniert, begann er eine Fotografenausbildung bei Nuri Kara in Istanbul. Der folgte ein BWL-Studium. Er entschied sich schlie\u00dflich f\u00fcr eine Karriere in der IT-Branche. Der zeitgen\u00f6ssische K\u00fcnstler widmet sich seit mehr als drei\u00dfig Jahren der &hellip; <\/p>\n","protected":false},"author":1,"featured_media":57,"parent":0,"menu_order":1,"comment_status":"closed","ping_status":"open","template":"","meta":{"footnotes":""},"class_list":["post-2","page","type-page","status-publish","has-post-thumbnail","hentry"],"_links":{"self":[{"href":"https:\/\/duezer.de\/index.php\/wp-json\/wp\/v2\/pages\/2","targetHints":{"allow":["GET"]}}],"collection":[{"href":"https:\/\/duezer.de\/index.php\/wp-json\/wp\/v2\/pages"}],"about":[{"href":"https:\/\/duezer.de\/index.php\/wp-json\/wp\/v2\/types\/page"}],"author":[{"embeddable":true,"href":"https:\/\/duezer.de\/index.php\/wp-json\/wp\/v2\/users\/1"}],"replies":[{"embeddable":true,"href":"https:\/\/duezer.de\/index.php\/wp-json\/wp\/v2\/comments?post=2"}],"version-history":[{"count":12,"href":"https:\/\/duezer.de\/index.php\/wp-json\/wp\/v2\/pages\/2\/revisions"}],"predecessor-version":[{"id":21,"href":"https:\/\/duezer.de\/index.php\/wp-json\/wp\/v2\/pages\/2\/revisions\/21"}],"wp:featuredmedia":[{"embeddable":true,"href":"https:\/\/duezer.de\/index.php\/wp-json\/wp\/v2\/media\/57"}],"wp:attachment":[{"href":"https:\/\/duezer.de\/index.php\/wp-json\/wp\/v2\/media?parent=2"}],"curies":[{"name":"wp","href":"https:\/\/api.w.org\/{rel}","templated":true}]}}